{"id":29,"date":"2016-10-08T20:54:28","date_gmt":"2016-10-08T20:54:28","guid":{"rendered":"http:\/\/www.cymaconsultoriadenegocios.com\/?page_id=29"},"modified":"2016-10-13T00:10:58","modified_gmt":"2016-10-13T00:10:58","slug":"fiscal","status":"publish","type":"page","link":"https:\/\/www.cymaconsultoriadenegocios.com\/?page_id=29","title":{"rendered":"FISCAL"},"content":{"rendered":"<p style=\"text-align: center;\"><strong><span style=\"color: #3366ff;\">ASESOR\u00cdA Y SERVICIO<\/span><\/strong><\/p>\n<p>Nuestros equipo de asesores fiscales, integrado por contadores, analizan los problemas o dudas fiscales que les plantean y ofrecen alternativas de c\u00f3mo pueden resolverse. Este servicio se realiza por tel\u00e9fono, por correo electr\u00f3nico o de forma personalizada en nuestras oficinas. La asesor\u00eda fiscal se recomienda y funciona como orientaci\u00f3n para empresarios, directores y equipos de contadores capaces de auto-dirigirse, con conocimientos t\u00e9cnicos suficientes para resolver el problema, pero que requieren en alg\u00fan punto la opini\u00f3n de un experto fiscal que los ubique y oriente. Algunos de los servicios que ofrecemos son:<\/p>\n<p><span style=\"text-decoration: underline;\"><strong>Asesor\u00eda jur\u00eddico fiscal:<\/strong><\/span><\/p>\n<ul>\n<li>Asesor\u00eda fiscal para la atenci\u00f3n de requerimientos del SAT, IMSS, INFONAVIT y Autoridades Locales.<\/li>\n<li>Asesor\u00eda legal en materia fiscal y administrativa. Asesoramos jur\u00eddicamente a nuestros clientes en visitas domiciliarias, revisiones de gabinete, devoluciones, requerimientos, auditor\u00edas electr\u00f3nicas, verificaciones e inspecciones desde el momento en que las autoridades federales, estatales y municipales, fiscales o administrativas, les comunican cualquier ejercicio de sus facultades.<\/li>\n<li>Asesor\u00eda fiscal para resolver dudas en el tr\u00e1mite de devoluciones y compensaciones.<\/li>\n<li>Atenci\u00f3n de dudas fiscales en materia laboral y de seguridad social para que las empresas cumplan de forma adecuada con sus obligaciones (IMSS, INFONAVIT y Gobiernos Locales).<\/li>\n<li>Asesor\u00eda fiscal en materia de actividades vulnerables.<\/li>\n<\/ul>\n<p><span style=\"text-decoration: underline;\"><strong>Otras asesor\u00edas fiscales:<\/strong><\/span><\/p>\n<ul>\n<li>Apoyo fiscal en negociaciones comerciales con clientes y proveedores.<\/li>\n<li>Asesor\u00eda fiscal b\u00e1sica para realizar tr\u00e1mites ante el SAT, IMSS, INFONAVIT y Autoridades Locales.<\/li>\n<li>Asesor\u00eda para resolver dudas y dar orientaci\u00f3n fiscal en las operaciones diarias de administraci\u00f3n.<\/li>\n<li>Asesor\u00eda fiscal especializada para tomar decisiones de impuestos.<\/li>\n<li>Asesor\u00eda para ofrecer alternativas fiscales en una operaci\u00f3n concreta.<\/li>\n<li>Atender dudas sobre la aplicaci\u00f3n correcta de criterios y normatividad fiscal.<\/li>\n<li>Analizar junto al cliente el impacto fiscal que puede tener una decisi\u00f3n comercial o de administraci\u00f3n.<\/li>\n<li>Interpretaci\u00f3n y aplicaci\u00f3n de leyes fiscales y\/o art\u00edculos para un sector en particular.<\/li>\n<li>Dudas y orientaci\u00f3n sobre obligaciones fiscales en reg\u00edmenes especiales.<\/li>\n<\/ul>\n<p><span style=\"text-decoration: underline;\"><strong>CONSULTORIA FISCAL<\/strong><\/span><\/p>\n<p>Planeaci\u00f3n fiscal de empresas, antes de constituirse, para elegir la estructura legal-fiscal que m\u00e1s les conviene y el esquema tributario que se adapte a sus necesidades y a sus actividades para ayudarlos a tributar de forma correcta y aprovechar los beneficios fiscales establecidos en la ley.<\/p>\n<p>Planeaci\u00f3n fiscal para nuevos proyectos de la empresa en donde se requiere medir el impacto fiscal que van a tener y analizar alternativas para reducirlo y aprovechar posibles beneficios fiscales.<\/p>\n<p>Planeaci\u00f3n fiscal de una o varias operaciones espec\u00edficas que va a realizar la empresa, antes de que estas ocurran, para medir el riesgo e impacto fiscal y que la direcci\u00f3n pueda tomar decisiones.<\/p>\n<p>An\u00e1lisis del costo fiscal que implica el sector y las operaciones que van a realizar para que la direcci\u00f3n pueda tener un panorama de la viabilidad fiscal del proyecto.<\/p>\n<p>Planeaci\u00f3n fiscal para proteger el patrimonio de los socios, accionistas y empresarios. An\u00e1lisis de la responsabilidad patrimonial que tienen los socios, de acuerdo al tipo de sociedad con la que hayan formado su empresa.<\/p>\n<p>Optimizaci\u00f3n fiscal, que se realiza cuando la empresa o el proyecto ya est\u00e1n operando y es necesario redise\u00f1arlo cuando se observa que se est\u00e1 tributando de forma incorrecta, existen riesgos fiscales por incumplimiento o no se est\u00e1n aprovechando beneficios de las leyes:<\/p>\n<p>Optimizaci\u00f3n fiscal que implica el redise\u00f1o completo de la empresa o su modelo de negocio para mejorar los impuestos que se causar\u00edan de forma normal o para corregir el riesgo fiscal en que se encuentra.<\/p>\n<p>Optimizaci\u00f3n fiscal de proyectos que ya est\u00e1n operando y que pueden redise\u00f1arse para mejorar el costo fiscal o corregir el riesgo fiscal derivado de una mala planeaci\u00f3n.<\/p>\n<p><strong><!--more--><span style=\"text-decoration: underline;\">Otras asesor\u00edas fiscales:<\/span><\/strong><\/p>\n<p>Consultor\u00eda para mejorar los procesos administrativos, fiscales y contables para aquellas empresas que tramitan devoluciones y aumentar las posibilidades de que sean aceptadas.<\/p>\n<p>An\u00e1lisis de las obligaciones fiscales de la empresa conforme al r\u00e9gimen fiscal en que se encuentra y la implementaci\u00f3n de un programa para mejorar su cumplimiento.<\/p>\n<p>Reestructura fiscal de las empresas para prepararlas en el cumplimiento de todas sus obligaciones frente a los nuevos modelos de fiscalizaci\u00f3n que implementan autoridades como el SAT, el IMSS y Gobiernos Locales.<\/p>\n<p>Durante la atenci\u00f3n de Auditor\u00edas del SAT, IMSS, INFONAVIT y Gobiernos Locales, como consultores, te damos una lista de recomendaciones que puedes aplicar en tu empresa para protegerla y evitar, en el futuro, este tipo de revisiones.<\/p>\n<p>Consultor\u00eda para hacer el an\u00e1lisis de actividades vulnerables.<\/p>\n<p>Ofrecemos nuestra consultor\u00eda a las empresas que ven que el pago de impuestos que realizan es muy alto en relaci\u00f3n con el margen de utilidad de sus operaciones y quieren hacer un diagn\u00f3stico e implementar medidas de control para revisarlos y ver si existen alternativas legales para disminuirlos.<\/p>\n<p><strong>\u00a0<span style=\"text-decoration: underline;\">SUPERVISION FISCAL<\/span><\/strong><\/p>\n<p>En materia contable-fiscal:<\/p>\n<p>Supervisi\u00f3n del cierre fiscal mensual revisando los c\u00e1lculos de impuestos y el cumplimiento de las obligaciones fiscales.<\/p>\n<p>Supervisi\u00f3n del cierre anual de la empresa revisando el c\u00e1lculo anual de los impuestos y la forma en que se cumplieron las obligaciones fiscales.<\/p>\n<p>Evaluaci\u00f3n de las recomendaciones realizadas por otro contador o fiscalista y emisi\u00f3n de una segunda opini\u00f3n t\u00e9cnica-profesional para que la empresa confirme que la asesor\u00eda que recibe es la correcta.<\/p>\n<p><span style=\"text-decoration: underline;\"><strong>En materia legal:<\/strong><\/span><\/p>\n<p>Evaluaci\u00f3n de la estrategia fiscal seguida en recursos de revocaci\u00f3n, juicios de nulidad, juicios de amparo y recomendaciones fiscales y sus efectos en el campo legal.<\/p>\n","protected":false},"excerpt":{"rendered":"<p>ASESOR\u00cdA Y SERVICIO Nuestros equipo de asesores fiscales, integrado por contadores, analizan los problemas o dudas fiscales que les plantean y ofrecen alternativas de c\u00f3mo pueden resolverse. Este servicio se realiza por tel\u00e9fono, por correo electr\u00f3nico o de forma personalizada en nuestras oficinas. La asesor\u00eda fiscal se recomienda y funciona como orientaci\u00f3n para empresarios, directores &hellip; <a href=\"https:\/\/www.cymaconsultoriadenegocios.com\/?page_id=29\" class=\"more-link\">Seguir leyendo <span class=\"screen-reader-text\">FISCAL<\/span> <span class=\"meta-nav\">&rarr;<\/span><\/a><\/p>\n","protected":false},"author":1,"featured_media":51,"parent":0,"menu_order":0,"comment_status":"closed","ping_status":"closed","template":"","meta":{"footnotes":""},"class_list":["post-29","page","type-page","status-publish","has-post-thumbnail","hentry"],"_links":{"self":[{"href":"https:\/\/www.cymaconsultoriadenegocios.com\/index.php?rest_route=\/wp\/v2\/pages\/29","targetHints":{"allow":["GET"]}}],"collection":[{"href":"https:\/\/www.cymaconsultoriadenegocios.com\/index.php?rest_route=\/wp\/v2\/pages"}],"about":[{"href":"https:\/\/www.cymaconsultoriadenegocios.com\/index.php?rest_route=\/wp\/v2\/types\/page"}],"author":[{"embeddable":true,"href":"https:\/\/www.cymaconsultoriadenegocios.com\/index.php?rest_route=\/wp\/v2\/users\/1"}],"replies":[{"embeddable":true,"href":"https:\/\/www.cymaconsultoriadenegocios.com\/index.php?rest_route=%2Fwp%2Fv2%2Fcomments&post=29"}],"version-history":[{"count":7,"href":"https:\/\/www.cymaconsultoriadenegocios.com\/index.php?rest_route=\/wp\/v2\/pages\/29\/revisions"}],"predecessor-version":[{"id":84,"href":"https:\/\/www.cymaconsultoriadenegocios.com\/index.php?rest_route=\/wp\/v2\/pages\/29\/revisions\/84"}],"wp:featuredmedia":[{"embeddable":true,"href":"https:\/\/www.cymaconsultoriadenegocios.com\/index.php?rest_route=\/wp\/v2\/media\/51"}],"wp:attachment":[{"href":"https:\/\/www.cymaconsultoriadenegocios.com\/index.php?rest_route=%2Fwp%2Fv2%2Fmedia&parent=29"}],"curies":[{"name":"wp","href":"https:\/\/api.w.org\/{rel}","templated":true}]}}