{"id":27,"date":"2016-10-08T20:54:11","date_gmt":"2016-10-08T20:54:11","guid":{"rendered":"http:\/\/www.cymaconsultoriadenegocios.com\/?page_id=27"},"modified":"2016-10-13T00:21:24","modified_gmt":"2016-10-13T00:21:24","slug":"administracion","status":"publish","type":"page","link":"https:\/\/www.cymaconsultoriadenegocios.com\/?page_id=27","title":{"rendered":"ADMINISTRACI\u00d3N"},"content":{"rendered":"<p style=\"text-align: center;\"><span style=\"color: #3366ff;\"><b>ASESOR\u00cdA<\/b><strong>\u00a0Y SERVICIO<\/strong><\/span><\/p>\n<p>Para mejorar la estructura y organizaci\u00f3n de su empresa.\u00a0Contamos con el equipo de administradores encargados de dise\u00f1ar e implementar estrategias de apoyo a los equipos de administraci\u00f3n\u00a0en mejorar sus procesos y su comunicaci\u00f3n.<\/p>\n<p>Para hacer eficiente las funciones administrativas mas relevantes, se debe centrar en el desarrollo de procedimientos como:<\/p>\n<ul>\n<li>Administraci\u00f3n y control de bancos.<\/li>\n<li>Administraci\u00f3n y control de los inventarios.<\/li>\n<li>Administraci\u00f3n de la facturaci\u00f3n.<\/li>\n<li>Administraci\u00f3n y control de la cobranza.<\/li>\n<li>Administraci\u00f3n y control de los expedientes de personal contratado.<\/li>\n<li>Administraci\u00f3n y pago a proveedores de compras, servicios y control de gastos de vi\u00e1ticos.<\/li>\n<\/ul>\n<p>Para un apoyo mas enfocado, en caso de que la administraci\u00f3n y direcci\u00f3n cuente con serias deficiencias, el equipo de consultores atiende de manera eficaz y efectiva con soluciones que mejoren y hagan mas eficiente el personal administrativo con las siguientes consultorias:<\/p>\n<p><span style=\"text-decoration: underline;\"><b>DIAGNOSTICOS<\/b><\/span><\/p>\n<ul>\n<li style=\"text-align: left;\">An\u00e1lisis FODA<\/li>\n<li style=\"text-align: left;\">Planeaci\u00f3n estrat\u00e9gica<\/li>\n<li>Estudios de factibilidad de negocios o unidades de negocio<\/li>\n<li>Desarrollo de Modelo de Negocio<\/li>\n<li>Integraci\u00f3n de Plan de Negocio<\/li>\n<\/ul>\n<p><span style=\"text-decoration: underline;\"><strong>DESARROLLO DE PROYECTOS<\/strong><\/span><\/p>\n<ul>\n<li>Estudios de Factibilidad T\u00e9cnica y econ\u00f3mica<\/li>\n<li>Desarrollo de Planes de Implementaci\u00f3n<\/li>\n<li>Asesor\u00eda en la selecci\u00f3n y coordinaci\u00f3n de equipos<\/li>\n<li>Soporte en la administraci\u00f3n de Proyectos<\/li>\n<li>Estudios de factibilidad de negocios o unidades de negocio<\/li>\n<\/ul>\n<p><span style=\"text-decoration: underline;\"><strong>DESARROLLO\u00a0ORGANIZACI\u00d3N\u00a0<\/strong><\/span><\/p>\n<ul>\n<li>Estudios de ambiente laboral<\/li>\n<li>Planeaci\u00f3n de personal y desarrollo<\/li>\n<li>Desarrollo de estructura organizacional e integraci\u00f3n de manuales de organizaci\u00f3n<\/li>\n<li>Programas de mejora de la comunicaci\u00f3n<\/li>\n<li>Instalaci\u00f3n de Gobierno Corporativo e Integraci\u00f3n de comit\u00e9s de mejora continua<\/li>\n<li>Consultar\u00eda sobre salarios y beneficios<\/li>\n<li>Implementaci\u00f3n de sistemas de Evaluaci\u00f3n de Desempe\u00f1o<\/li>\n<\/ul>\n<h6><span style=\"text-decoration: underline;\"><strong>\u00bfInicias operaciones y no tienes personal administrativo?<\/strong><\/span><\/h6>\n<div id=\"conceptos_lineas\">Para empresas, nacionales o extranjeras, que est\u00e1n iniciando operaciones y que no cuentan con personal administrativo, disponemos de un equipo que se dedica a realizar labores de apoyo en gestiones administrativas.<\/div>\n<div><\/div>\n<ul>\n<li>Servicios de apoyo administrativo para la apertura de la empresa como: Apoyo para la apertura de cuenta bancaria, alquiler de oficina, alquiler de departamento o casa, seguro de gastos m\u00e9dicos mayores, seguro de hombre clave, etc.<\/li>\n<li>Manejo total de la administraci\u00f3n de la oficina de M\u00e9xico y env\u00edo semanal y mensual de reportes financieros a la oficina matriz.<\/li>\n<li>Manejo de las cuentas bancarias y reportes diarios de estatus.<\/li>\n<li>Administraci\u00f3n de la facturaci\u00f3n y env\u00edo de facturas a los clientes<\/li>\n<li>Administraci\u00f3n y control de la cobranza<\/li>\n<li>Administraci\u00f3n y control de expedientes del personal contratado<\/li>\n<li>Administraci\u00f3n y pago a proveedores de compras, servicios y control de gastos de vi\u00e1ticos<\/li>\n<li>Administraci\u00f3n y control de los inventarios.<\/li>\n<li>Representaci\u00f3n en M\u00e9xico ante distintas autoridades y realizaci\u00f3n de tr\u00e1mites legales.<\/li>\n<li>Domicilio fiscal para empresas del extranjero.<\/li>\n<\/ul>\n<p style=\"text-align: center;\">Recuerda que al ser un entrenamiento personalizado, no es posible definir totalmente los temas. Si tienes inter\u00e9s o dudas sobre un tema en particular, ac\u00e9rcate a nuestros asesores para que ellos puedan orientarte.<\/p>\n","protected":false},"excerpt":{"rendered":"<p>ASESOR\u00cdA\u00a0Y SERVICIO Para mejorar la estructura y organizaci\u00f3n de su empresa.\u00a0Contamos con el equipo de administradores encargados de dise\u00f1ar e implementar estrategias de apoyo a los equipos de administraci\u00f3n\u00a0en mejorar sus procesos y su comunicaci\u00f3n. Para hacer eficiente las funciones administrativas mas relevantes, se debe centrar en el desarrollo de procedimientos como: Administraci\u00f3n y control &hellip; <a href=\"https:\/\/www.cymaconsultoriadenegocios.com\/?page_id=27\" class=\"more-link\">Seguir leyendo <span class=\"screen-reader-text\">ADMINISTRACI\u00d3N<\/span> <span class=\"meta-nav\">&rarr;<\/span><\/a><\/p>\n","protected":false},"author":1,"featured_media":35,"parent":0,"menu_order":0,"comment_status":"closed","ping_status":"closed","template":"page-templates\/full-width.php","meta":{"footnotes":""},"class_list":["post-27","page","type-page","status-publish","has-post-thumbnail","hentry"],"_links":{"self":[{"href":"https:\/\/www.cymaconsultoriadenegocios.com\/index.php?rest_route=\/wp\/v2\/pages\/27","targetHints":{"allow":["GET"]}}],"collection":[{"href":"https:\/\/www.cymaconsultoriadenegocios.com\/index.php?rest_route=\/wp\/v2\/pages"}],"about":[{"href":"https:\/\/www.cymaconsultoriadenegocios.com\/index.php?rest_route=\/wp\/v2\/types\/page"}],"author":[{"embeddable":true,"href":"https:\/\/www.cymaconsultoriadenegocios.com\/index.php?rest_route=\/wp\/v2\/users\/1"}],"replies":[{"embeddable":true,"href":"https:\/\/www.cymaconsultoriadenegocios.com\/index.php?rest_route=%2Fwp%2Fv2%2Fcomments&post=27"}],"version-history":[{"count":14,"href":"https:\/\/www.cymaconsultoriadenegocios.com\/index.php?rest_route=\/wp\/v2\/pages\/27\/revisions"}],"predecessor-version":[{"id":86,"href":"https:\/\/www.cymaconsultoriadenegocios.com\/index.php?rest_route=\/wp\/v2\/pages\/27\/revisions\/86"}],"wp:featuredmedia":[{"embeddable":true,"href":"https:\/\/www.cymaconsultoriadenegocios.com\/index.php?rest_route=\/wp\/v2\/media\/35"}],"wp:attachment":[{"href":"https:\/\/www.cymaconsultoriadenegocios.com\/index.php?rest_route=%2Fwp%2Fv2%2Fmedia&parent=27"}],"curies":[{"name":"wp","href":"https:\/\/api.w.org\/{rel}","templated":true}]}}