{"id":2,"date":"2016-05-10T03:48:21","date_gmt":"2016-05-10T03:48:21","guid":{"rendered":"http:\/\/wp452m.a10-52-158-154.qa.plesk.ru\/wordpress\/?page_id=2"},"modified":"2016-10-13T00:28:47","modified_gmt":"2016-10-13T00:28:47","slug":"sample-page","status":"publish","type":"page","link":"https:\/\/www.cymaconsultoriadenegocios.com\/","title":{"rendered":"CONTABILIDAD"},"content":{"rendered":"<p style=\"text-align: center;\"><span style=\"color: #3366ff;\"><strong>ASESOR\u00cdA Y SERVICIO<\/strong><\/span><\/p>\n<p>Te ofrecemos asesor\u00eda contable en el registro de las operaciones de contabilidad para que se reflejen correctamente en los Estados Financieros y en los dem\u00e1s reportes financieros que entregas. Adem\u00e1s podemos asesorarte para que mejores los procesos del departamento contable y los entregables que realizas mensualmente a la direcci\u00f3n.<\/p>\n<ul>\n<li>Asesor\u00eda sobre la estructura e implementaci\u00f3n del cat\u00e1logo de cuentas para una empresa con base en su giro y el tipo de operaciones que realiza.<\/li>\n<li>Asesor\u00eda sobre la estructura e implementaci\u00f3n del cat\u00e1logo de cuentas para una empresa con base en su giro y el tipo de operaciones que realiza.<\/li>\n<li>Asesor\u00eda sobre los criterios contables en el registro de operaciones complejas.<\/li>\n<li>Uso y aplicaci\u00f3n de Normas de Informaci\u00f3n Financiera en las operaciones contables de la empresa.<\/li>\n<li>Asesor\u00eda sobre el registro de n\u00f3minas en la contabilidad.<\/li>\n<li>Asesor\u00eda sobre la presentaci\u00f3n de informaci\u00f3n financiera a la direcci\u00f3n. Qu\u00e9 debe contener, qui\u00e9n debe realizarla, c\u00f3mo puede presentarse y cu\u00e1ndo debe presentarse.<\/li>\n<\/ul>\n<p>Asesoramos de forma preventiva y correctiva a nuestros clientes en materia laboral y de seguridad social. Los orientamos para que cumplan de forma adecuada con sus obligaciones laborales con los empleados y autoridades, tales como la Secretar\u00eda del Trabajo, el IMSS, INFONAVIT, INFONACOT y los gobiernos locales.<\/p>\n<p>Te ofrecemos asesor\u00eda para apoyarte en este delicado proceso. La experiencia que hemos desarrollado armando equipos de trabajo de contadores nos permite ofrecer asesor\u00eda para apoyar al l\u00edder de este proyecto. En esta etapa actuamos como consejeros resolviendo dudas, planteando posibilidades y aportando nuestra experiencia en las consultas que nos realizan. Algunas de las dudas m\u00e1s frecuentes son acerca de:<\/p>\n<ul>\n<li>La estructura que se requiere del departamento contable conforme al giro y volumen de operaciones de la empresa.<\/li>\n<li>Los descriptivos de puesto, las funciones que deben desarrollar y como establecer los indicadores de desempe\u00f1o.<\/li>\n<li>Definici\u00f3n de los procesos principales de trabajo y la estructura que se debe usar para cumplir con los est\u00e1ndares m\u00ednimos de seguridad de la informaci\u00f3n.<\/li>\n<li>Asesor\u00eda sobre las principales pol\u00edticas de contabilidad, procedimientos, diagn\u00f3sticos e indicadores, as\u00ed como el desarrollo de gu\u00edas de contabilidad y programas de contabilidad y n\u00f3minas que pueden usarse.<\/li>\n<li>Atendemos dudas sobre el dise\u00f1o y uso del cat\u00e1logo de cuentas conforme al giro y operaciones de la empresa y a los requisitos del SAT para el env\u00edo de la contabilidad electr\u00f3nica.<\/li>\n<li>Asesor\u00eda en las caracter\u00edsticas que debe cumplir el personal de contabilidad. C\u00f3mo dise\u00f1ar el anuncio de las vacantes, como realizar la b\u00fasqueda y selecci\u00f3n de candidatos, qu\u00e9 pruebas t\u00e9cnicas y psicom\u00e9tricas recomendamos aplicarse, etc.<\/li>\n<\/ul>\n<p><strong><!--more--><span style=\"text-decoration: underline;\">CONSULTORIA EN CONTABILIDAD<\/span><\/strong><\/p>\n<p>La forma de trabajar, desde la recepci\u00f3n de documentos hasta las entregas finales y cumplimiento de obligaciones contables, financieras y fiscales con la implementaci\u00f3n del modelo Cicde de Contabilidad, Impuestos y Finanzas.<\/p>\n<p>La metodolog\u00eda de registro de las operaciones de contabilidad de n\u00f3minas.<\/p>\n<p>La administraci\u00f3n de la informaci\u00f3n contable, uso de sistemas, formas de archivo, etc.<\/p>\n<p>La detecci\u00f3n y eliminaci\u00f3n de cuellos de botella al principio del proceso, cuando la administraci\u00f3n entrega la informaci\u00f3n, en medio del proceso, cuando la informaci\u00f3n se registra, y al final del proceso, cuando se entregan reportes a la direcci\u00f3n.<\/p>\n<p>La detecci\u00f3n de fallas importantes de seguridad de la informaci\u00f3n y metodolog\u00eda para corregirla.<\/p>\n<p>La administraci\u00f3n de los archivos electr\u00f3nicos y f\u00edsicos.<\/p>\n<p>La entrega de informes financieros, contables y fiscales a la direcci\u00f3n.<\/p>\n<p>Dise\u00f1ar la estructura del departamento de contabilidad que necesita la empresa conforme a su giro y volumen de operaciones.<\/p>\n<p>Definir funciones, realizar los descriptivos de puesto y establecer los indicadores de desempe\u00f1o.<\/p>\n<p>Establecer los principales procesos de trabajo. Estos pueden dise\u00f1arse con base en la metodolog\u00eda general que existe o usar la metodolog\u00eda de trabajo de Cicde que es m\u00e1s precisa.<\/p>\n<p>Dise\u00f1ar las principales pol\u00edticas de contabilidad, procedimientos, diagn\u00f3sticos e indicadores, as\u00ed como el desarrollo de la gu\u00eda contabilizadora que puede usarse.<\/p>\n<p>Dise\u00f1ar el cat\u00e1logo de cuentas conforme al giro y operaciones de la empresa. En esta etapa nos aseguramos de que el cat\u00e1logo cumpla con los requisitos del SAT para el env\u00edo de la contabilidad electr\u00f3nica.<\/p>\n<p>Dise\u00f1ar el anuncio de las vacantes, realizar la b\u00fasqueda y selecci\u00f3n de candidatos, realizar la aplicaci\u00f3n de pruebas t\u00e9cnicas y pruebas psicom\u00e9tricas.<\/p>\n<p><span style=\"text-decoration: underline;\"><strong>SUPERVISION DE CONTABILIDAD <\/strong><\/span><\/p>\n<p>Con las nuevas pol\u00edticas fiscales que exigen un control m\u00e1s espec\u00edfico de la informaci\u00f3n, es importante que te asegures de que todos los registros contables, que son la base de tus impuestos y de la informaci\u00f3n que le debes presentar al SAT mensualmente, est\u00e9n bien hechos. Para esto es importante que revises con cierta regularidad la informaci\u00f3n que procesan tus contadores. Nosotros recomendamos que esta informaci\u00f3n se revise de forma bimestral, pero puedes hacerlo de manera mensual, trimestral o semestral. Nuestro equipo de Asesores de Contabilidad y Consultores pueden apoyarte para hacer las siguientes revisiones:<\/p>\n<p>&nbsp;<\/p>\n<p><span style=\"text-decoration: underline;\"><strong>MATERIA CORPORATIVA:<\/strong><\/span><\/p>\n<p>Evaluaci\u00f3n mensual o bimestral de la contabilidad. Nuestros consultores ayudan a detectar errores de registros contables o presentaci\u00f3n de informaci\u00f3n financiera y ofrecen recomendaciones para corregirlos. Al ser un servicio peri\u00f3dico, manejamos un seguimiento constante durante el a\u00f1o para asegurarse de que los errores se est\u00e1n corrigiendo.<\/p>\n<p>Evaluaci\u00f3n \u00fanica de la contabilidad para las empresas que requieren tomar una decisi\u00f3n sobre su equipo actual de contadores y en la que necesitan evaluar la calidad con la que est\u00e1n realizando su trabajo. Se entrega un reporte de observaciones y recomendaciones.<\/p>\n<p>Revisi\u00f3n de Estados e Informes financieros internos que se presentan a la administraci\u00f3n. An\u00e1lisis de su apego a la realidad del negocio.<\/p>\n<p>Revisi\u00f3n de Estados financieros para licitaciones, pr\u00e9stamos bancarios, clientes o proveedores. An\u00e1lisis de su viabilidad para ser presentados a terceros.<\/p>\n<p>Revisi\u00f3n y propuestas de reconstrucci\u00f3n del cat\u00e1logo de cuentas para asegurarse de qu\u00e9 estructura es correcta y cumple con los nuevos requisitos de la balanza del SAT.<\/p>\n<p>Revisi\u00f3n y propuestas de reconstrucci\u00f3n de los saldos iniciales de la contabilidad para corregirlos y presentar de forma apropiada la balanza mensual al SAT.<\/p>\n<p>Los servicios que se mencionan son solo enunciativos. Si tienes inter\u00e9s, dudas o requieres un servicio que no est\u00e9 en la lista de este apartado, ac\u00e9rcate a nuestros asesores comerciales para que ellos puedan orientarte.<\/p>\n","protected":false},"excerpt":{"rendered":"<p>ASESOR\u00cdA Y SERVICIO Te ofrecemos asesor\u00eda contable en el registro de las operaciones de contabilidad para que se reflejen correctamente en los Estados Financieros y en los dem\u00e1s reportes financieros que entregas. Adem\u00e1s podemos asesorarte para que mejores los procesos del departamento contable y los entregables que realizas mensualmente a la direcci\u00f3n. Asesor\u00eda sobre la &hellip; <a href=\"https:\/\/www.cymaconsultoriadenegocios.com\/\" class=\"more-link\">Seguir leyendo <span class=\"screen-reader-text\">CONTABILIDAD<\/span> <span class=\"meta-nav\">&rarr;<\/span><\/a><\/p>\n","protected":false},"author":1,"featured_media":50,"parent":0,"menu_order":0,"comment_status":"closed","ping_status":"open","template":"page-templates\/full-width.php","meta":{"footnotes":""},"class_list":["post-2","page","type-page","status-publish","has-post-thumbnail","hentry"],"_links":{"self":[{"href":"https:\/\/www.cymaconsultoriadenegocios.com\/index.php?rest_route=\/wp\/v2\/pages\/2","targetHints":{"allow":["GET"]}}],"collection":[{"href":"https:\/\/www.cymaconsultoriadenegocios.com\/index.php?rest_route=\/wp\/v2\/pages"}],"about":[{"href":"https:\/\/www.cymaconsultoriadenegocios.com\/index.php?rest_route=\/wp\/v2\/types\/page"}],"author":[{"embeddable":true,"href":"https:\/\/www.cymaconsultoriadenegocios.com\/index.php?rest_route=\/wp\/v2\/users\/1"}],"replies":[{"embeddable":true,"href":"https:\/\/www.cymaconsultoriadenegocios.com\/index.php?rest_route=%2Fwp%2Fv2%2Fcomments&post=2"}],"version-history":[{"count":8,"href":"https:\/\/www.cymaconsultoriadenegocios.com\/index.php?rest_route=\/wp\/v2\/pages\/2\/revisions"}],"predecessor-version":[{"id":85,"href":"https:\/\/www.cymaconsultoriadenegocios.com\/index.php?rest_route=\/wp\/v2\/pages\/2\/revisions\/85"}],"wp:featuredmedia":[{"embeddable":true,"href":"https:\/\/www.cymaconsultoriadenegocios.com\/index.php?rest_route=\/wp\/v2\/media\/50"}],"wp:attachment":[{"href":"https:\/\/www.cymaconsultoriadenegocios.com\/index.php?rest_route=%2Fwp%2Fv2%2Fmedia&parent=2"}],"curies":[{"name":"wp","href":"https:\/\/api.w.org\/{rel}","templated":true}]}}